{"id":2023,"date":"2015-08-25T02:54:34","date_gmt":"2015-08-25T02:54:34","guid":{"rendered":"http:\/\/jeremiepgagnon.wordpress.com\/?page_id=1"},"modified":"2024-06-25T18:15:36","modified_gmt":"2024-06-25T18:15:36","slug":"about","status":"publish","type":"page","link":"https:\/\/www.jeremiepgagnon.net\/index.php\/about\/","title":{"rendered":"Bio"},"content":{"rendered":"\n<p><\/p>\n\n\n\n<div class=\"wp-block-media-text is-stacked-on-mobile\" style=\"grid-template-columns:40% auto\"><figure class=\"wp-block-media-text__media\"><img decoding=\"async\" src=\"https:\/\/www.jeremiepgagnon.net\/wp-content\/uploads\/2015\/08\/face-and-sega.jpg?w=1024\" alt=\"\" class=\"wp-image-7 size-full\"\/><\/figure><div class=\"wp-block-media-text__content\">\n<p>J\u00e9r\u00e9mie Pelletier-Gagnon est professeur adjoint dans le P\u00f4le d\u2019\u00e9tudes et de recherches en cultures num\u00e9riques \u00e0 l\u2019Universit\u00e9 de l\u2019Ontario fran\u00e7ais. Ses travaux portent sur l\u2019\u00e9tude du jeu vid\u00e9o d\u2019une perspective culturelle, transnationale et multilingue, principalement par l&rsquo;\u00e9tude du jeu vid\u00e9o japonais et de sa circulation dans diff\u00e9rentes cultures vid\u00e9oludiques. Il s\u2019int\u00e9resse \u00e9galement aux m\u00e9thodes d\u2019analyse de donn\u00e9es textuelles en science humaines, \u00e0 l\u2019\u00e9tude de l\u2019intelligence artificielle en contexte vid\u00e9oludique, ainsi qu\u2019\u00e0 l\u2019\u00e9tude critique des dispositifs de communication humain-machine. Il est l\u2019auteur de <a href=\"https:\/\/www.taylorfrancis.com\/books\/mono\/10.4324\/9781003273776\/space-play-japanese-videogame-arcades-j\u00e9r\u00e9mie-pelletier-gagnon\"><em>Space and Play in Japanese Videogame Arcades<\/em><\/a><em> <\/em>(Routledge 2024) et co-\u00e9diteur de l\u2019ouvrage collectif <a href=\"https:\/\/rowman.com\/ISBN\/9781793643544\/Japanese-Role-Playing-Games-Genre-Representation-and-Liminality-in-the-JRPG\"><em>Japanese Role-Playing Games: Genre, Representation and Liminality in the JRPG<\/em><\/a> (Lexington, 2022).<\/p>\n<\/div><\/div>\n\n\n\n<p><\/p>\n","protected":false},"excerpt":{"rendered":"<p>J\u00e9r\u00e9mie Pelletier-Gagnon est professeur adjoint dans le P\u00f4le d\u2019\u00e9tudes et de recherches en cultures num\u00e9riques \u00e0 l\u2019Universit\u00e9 de l\u2019Ontario fran\u00e7ais. Ses travaux portent sur l\u2019\u00e9tude du jeu vid\u00e9o d\u2019une perspective culturelle, transnationale et multilingue, principalement par l&rsquo;\u00e9tude du jeu vid\u00e9o &hellip; <a href=\"https:\/\/www.jeremiepgagnon.net\/index.php\/about\/\">Continue la lecture <span class=\"meta-nav\">&rarr;<\/span><\/a><\/p>\n","protected":false},"author":1,"featured_media":0,"parent":0,"menu_order":0,"comment_status":"closed","ping_status":"open","template":"","meta":{"footnotes":""},"class_list":["post-2023","page","type-page","status-publish","hentry"],"_links":{"self":[{"href":"https:\/\/www.jeremiepgagnon.net\/index.php\/wp-json\/wp\/v2\/pages\/2023","targetHints":{"allow":["GET"]}}],"collection":[{"href":"https:\/\/www.jeremiepgagnon.net\/index.php\/wp-json\/wp\/v2\/pages"}],"about":[{"href":"https:\/\/www.jeremiepgagnon.net\/index.php\/wp-json\/wp\/v2\/types\/page"}],"author":[{"embeddable":true,"href":"https:\/\/www.jeremiepgagnon.net\/index.php\/wp-json\/wp\/v2\/users\/1"}],"replies":[{"embeddable":true,"href":"https:\/\/www.jeremiepgagnon.net\/index.php\/wp-json\/wp\/v2\/comments?post=2023"}],"version-history":[{"count":1,"href":"https:\/\/www.jeremiepgagnon.net\/index.php\/wp-json\/wp\/v2\/pages\/2023\/revisions"}],"predecessor-version":[{"id":2183,"href":"https:\/\/www.jeremiepgagnon.net\/index.php\/wp-json\/wp\/v2\/pages\/2023\/revisions\/2183"}],"wp:attachment":[{"href":"https:\/\/www.jeremiepgagnon.net\/index.php\/wp-json\/wp\/v2\/media?parent=2023"}],"curies":[{"name":"wp","href":"https:\/\/api.w.org\/{rel}","templated":true}]}}